{"id":160,"date":"2017-05-26T15:07:39","date_gmt":"2017-05-26T13:07:39","guid":{"rendered":"http:\/\/bloodka.com\/about\/accueil\/"},"modified":"2023-11-15T01:28:36","modified_gmt":"2023-11-15T00:28:36","slug":"accueil","status":"publish","type":"page","link":"https:\/\/bloodka.com\/fr\/","title":{"rendered":"BLOODKA SPIRITS, PARTAGEZ UNE EXP\u00c9RIENCE SENSORIELLE IN\u00c9DITE."},"content":{"rendered":"\n<p><strong><mark class=\"has-inline-color\" style=\"background-color: rgba(0, 0, 0, 0); color: #adbfc2;\"><span><span style=\"color: #adbfc2;\">Des Spiritueux Ultra Premium innovants \u00e0 base de Poivres\u00a0<\/span><span style=\"caret-color: #adbfc2;\">Mill\u00e9sim\u00e9s<\/span><span style=\"color: #adbfc2;\">, et bien plus.<\/span><br \/><span style=\"color: #adbfc2;\">Made In France.<\/span><\/span><\/mark><\/strong><\/p>\n\n\n\n<p>Vous vous languissez de cet \u00e9veil des sens que le <strong><mark style=\"background-color:rgba(0, 0, 0, 0);color:#adbfc2\" class=\"has-inline-color\">voyage<\/mark><\/strong> procure, les joies instantan\u00e9es et les plaisirs au long cours, de ceux qui gravent au plus profond de votre \u00e2me les <strong><mark style=\"background-color:rgba(0, 0, 0, 0);color:#adbfc2\" class=\"has-inline-color\">souvenirs ind\u00e9l\u00e9biles,<\/mark><\/strong> ceux qui, raviv\u00e9s fortuitement des ann\u00e9es, des d\u00e9cennies, des mill\u00e9naires plus tard, au d\u00e9tour d\u2019un parfum, d\u2019une fragrance, ou d\u2019un ar\u00f4me, vous font traverser <strong><mark style=\"background-color:rgba(0, 0, 0, 0);color:#adbfc2\" class=\"has-inline-color\">l\u2019espace<\/mark><\/strong> et <strong><mark style=\"background-color:rgba(0, 0, 0, 0);color:#adbfc2\" class=\"has-inline-color\">le temps<\/mark><\/strong>, irr\u00e9sistiblement, irr\u00e9pressiblement, vous transportant en ce lieu, en cet instant pr\u00e9cis du voyage, en un <strong><mark style=\"background-color:rgba(0, 0, 0, 0);color:#adbfc2\" class=\"has-inline-color\">vous<\/mark><\/strong> qui n\u2019existe plus <strong><mark style=\"background-color:rgba(0, 0, 0, 0);color:#adbfc2\" class=\"has-inline-color\">et que vous retrouvez enfin<\/mark><\/strong> ?<\/p>\n\n\n\n<p>Alors voici <strong><a href=\"http:\/\/www.bloodka.com\" target=\"_blank\" rel=\"noopener\" title=\"Bloodka\">Bloodka<\/a><\/strong>.<\/p>\n","protected":false},"excerpt":{"rendered":"<p>Des Spiritueux Ultra Premium innovants \u00e0 base de Poivres\u00a0Mill\u00e9sim\u00e9s, et bien plus.Made In France. Vous vous languissez de cet \u00e9veil des sens que le voyage procure, les joies instantan\u00e9es et les plaisirs au long cours, de ceux qui gravent au plus profond de votre \u00e2me les souvenirs ind\u00e9l\u00e9biles, ceux qui, raviv\u00e9s fortuitement des ann\u00e9es, des &hellip; <\/p>\n<p class=\"link-more\"><a href=\"https:\/\/bloodka.com\/fr\/\" class=\"more-link\">Continuer la lecture<span class=\"screen-reader-text\"> de &laquo;&nbsp;BLOODKA SPIRITS, PARTAGEZ UNE EXP\u00c9RIENCE SENSORIELLE IN\u00c9DITE.&nbsp;&raquo;<\/span><\/a><\/p>\n","protected":false},"author":1,"featured_media":561,"parent":0,"menu_order":0,"comment_status":"closed","ping_status":"closed","template":"","meta":{"footnotes":""},"aioseo_notices":[],"_links":{"self":[{"href":"https:\/\/bloodka.com\/fr\/wp-json\/wp\/v2\/pages\/160"}],"collection":[{"href":"https:\/\/bloodka.com\/fr\/wp-json\/wp\/v2\/pages"}],"about":[{"href":"https:\/\/bloodka.com\/fr\/wp-json\/wp\/v2\/types\/page"}],"author":[{"embeddable":true,"href":"https:\/\/bloodka.com\/fr\/wp-json\/wp\/v2\/users\/1"}],"replies":[{"embeddable":true,"href":"https:\/\/bloodka.com\/fr\/wp-json\/wp\/v2\/comments?post=160"}],"version-history":[{"count":14,"href":"https:\/\/bloodka.com\/fr\/wp-json\/wp\/v2\/pages\/160\/revisions"}],"predecessor-version":[{"id":656,"href":"https:\/\/bloodka.com\/fr\/wp-json\/wp\/v2\/pages\/160\/revisions\/656"}],"wp:featuredmedia":[{"embeddable":true,"href":"https:\/\/bloodka.com\/fr\/wp-json\/wp\/v2\/media\/561"}],"wp:attachment":[{"href":"https:\/\/bloodka.com\/fr\/wp-json\/wp\/v2\/media?parent=160"}],"curies":[{"name":"wp","href":"https:\/\/api.w.org\/{rel}","templated":true}]}}